{"id":2008,"date":"2021-05-26T16:55:02","date_gmt":"2021-05-26T16:55:02","guid":{"rendered":"https:\/\/seixal.cdu.pt\/pagina-inicial\/"},"modified":"2026-02-16T20:54:25","modified_gmt":"2026-02-16T20:54:25","slug":"pagina-inicial","status":"publish","type":"page","link":"https:\/\/seixal.cdu.pt\/","title":{"rendered":"pagina-inicial"},"content":{"rendered":"\n    \n    <section class=\"u-carousel u-slide u-block-b7d2-1\" src=\"\" data-image-width=\"1200\" data-image-height=\"675\" id=\"carousel-7df8\" data-interval=\"5000\" data-u-ride=\"carousel\" data-pause=\"hover\">\n      <ol class=\"u-absolute-hcenter u-carousel-indicators u-block-b7d2-5\">\n        <li data-u-target=\"#carousel-7df8\" data-u-slide-to=\"0\" class=\"u-active u-white\"><\/li>\n      <\/ol>\n      <div class=\"u-carousel-inner\" role=\"listbox\">\n        <div class=\"skrollable u-active u-align-left u-carousel-item u-clearfix u-image u-parallax u-section-2-1\" src=\"\" data-image-width=\"2560\" data-image-height=\"1281\" style=\"background-image: url(&quot;https:\/\/seixal.cdu.pt\/wp-content\/uploads\/2025\/09\/image2.webp&quot;);\">\n          <div class=\"u-clearfix u-sheet u-sheet-1\">\n            <h1 class=\"u-text u-text-body-alt-color u-title u-text-1\">CDU Seixal<\/h1>\n            <img decoding=\"async\" class=\"u-expanded-width-xs u-image u-image-contain u-image-default u-image-1\" src=\"https:\/\/seixal.cdu.pt\/wp-content\/uploads\/2025\/09\/text13.webp\" alt=\"\" data-image-width=\"600\" data-image-height=\"214\">\n          <\/div>\n        <\/div>\n      <\/div>\n      <a class=\"u-absolute-vcenter u-carousel-control u-carousel-control-prev u-icon-circle u-text-body-alt-color u-block-b7d2-3\" href=\"#carousel-7df8\" role=\"button\" data-u-slide=\"prev\"><span aria-hidden=\"true\">\n          <svg viewBox=\"0 0 477.175 477.175\"><path d=\"M145.188,238.575l215.5-215.5c5.3-5.3,5.3-13.8,0-19.1s-13.8-5.3-19.1,0l-225.1,225.1c-5.3,5.3-5.3,13.8,0,19.1l225.1,225\n                    c2.6,2.6,6.1,4,9.5,4s6.9-1.3,9.5-4c5.3-5.3,5.3-13.8,0-19.1L145.188,238.575z\"><\/path><\/svg><\/span><span class=\"sr-only\">Previous<\/span>\n      <\/a>\n      <a class=\"u-absolute-vcenter u-carousel-control u-carousel-control-next u-icon-circle u-text-body-alt-color u-block-b7d2-4\" href=\"#carousel-7df8\" role=\"button\" data-u-slide=\"next\"><span aria-hidden=\"true\">\n          <svg viewBox=\"0 0 477.175 477.175\"><path d=\"M360.731,229.075l-225.1-225.1c-5.3-5.3-13.8-5.3-19.1,0s-5.3,13.8,0,19.1l215.5,215.5l-215.5,215.5\n                    c-5.3,5.3-5.3,13.8,0,19.1c2.6,2.6,6.1,4,9.5,4c3.4,0,6.9-1.3,9.5-4l225.1-225.1C365.931,242.875,365.931,234.275,360.731,229.075z\"><\/path><\/svg><\/span><span class=\"sr-only\">Next<\/span>\n      <\/a>\n    <\/section>\n    <section class=\"u-clearfix u-section-3\" id=\"carousel_1064\">\n      <div class=\"u-clearfix u-sheet u-valign-middle-lg u-valign-middle-sm u-sheet-1\">\n        <div class=\"data-layout-selected u-clearfix u-expanded-width u-gutter-10 u-layout-wrap u-layout-wrap-1\">\n          <div class=\"u-gutter-0 u-layout\">\n            <div class=\"u-layout-row\">\n              <div class=\"u-size-30\">\n                <div class=\"u-layout-col\">\n                  <div class=\"u-container-style u-layout-cell u-shape-rectangle u-size-60 u-layout-cell-1\">\n                    <div class=\"u-container-layout u-container-layout-1\">\n                      <div class=\"u-expanded-width-xs u-palette-5-light-2 u-shape u-shape-rectangle u-shape-1\"><\/div>\n                      <img decoding=\"async\" class=\"custom-expanded u-image u-image-1\" src=\"https:\/\/seixal.cdu.pt\/wp-content\/uploads\/2025\/09\/image75-1.webp\" data-image-width=\"800\" data-image-height=\"881\">\n                    <\/div>\n                  <\/div>\n                <\/div>\n              <\/div>\n              <div class=\"u-size-30\">\n                <div class=\"u-layout-col\">\n                  <div class=\"u-align-left u-container-align-left u-container-style u-layout-cell u-size-30 u-layout-cell-2\">\n                    <div class=\"u-container-layout u-valign-middle u-container-layout-2\">\n                      <h1 class=\"u-text u-text-palette-1-base u-text-1\" data-animation-name=\"\" data-animation-duration=\"0\" data-animation-delay=\"0\" data-animation-direction=\"\">Paulo Silva<\/h1>\n                      <h2 class=\"u-text u-text-palette-4-base u-text-2\" data-animation-name=\"\" data-animation-duration=\"0\" data-animation-delay=\"0\" data-animation-direction=\"\">Presidente da Camara Municipal do Seixal <\/h2>\n                    <\/div>\n                  <\/div>\n                  <div class=\"u-container-style u-layout-cell u-size-30 u-white u-layout-cell-3\">\n                    <div class=\"u-container-layout u-container-layout-3\">\n                      <p class=\"u-text u-text-3\"> Paulo Silva, actual Presidente da C\u00e2mara Municipal do Seixal,&nbsp;Advogado, natural de Amora, tem 59 anos e reside na Freguesia de Corroios.<br>\u00c9 Licenciado em Direito pela Faculdade de Direito de Lisboa, com frequ\u00eancia de P\u00f3s-Gradua\u00e7\u00e3o em Direito das Sociedades Comerciais. <br>Enquanto estudante universit\u00e1rio foi Presidente da Associa\u00e7\u00e3o Acad\u00e9mica da Faculdade de Direito de Lisboa de 1988 a 1990.&nbsp;\n                      <\/p>\n                    <\/div>\n                  <\/div>\n                <\/div>\n              <\/div>\n            <\/div>\n          <\/div>\n        <\/div>\n      <\/div>\n    <\/section>\n    <section class=\"u-clearfix u-palette-1-light-3 u-section-4\" id=\"block-1\">\n      <div class=\"u-clearfix u-sheet u-sheet-1\">\n        <h2 class=\"u-text u-text-1\">Programa Eleitoral<\/h2>\n        <div class=\"data-layout-selected u-clearfix u-expanded-width u-layout-wrap u-layout-wrap-1\">\n          <div class=\"u-layout\">\n            <div class=\"u-layout-row\">\n              <div class=\"u-container-style u-layout-cell u-size-28 u-layout-cell-1\">\n                <div class=\"u-container-layout u-valign-middle-lg u-valign-middle-sm u-container-layout-1\">\n                  <img decoding=\"async\" class=\"u-expanded-width u-image u-image-1\" src=\"https:\/\/seixal.cdu.pt\/wp-content\/uploads\/2025\/09\/programa_eleitoral.png\" data-image-width=\"990\" data-image-height=\"774\">\n                  <a href=\"https:\/\/seixal.cdu.pt\/wp-content\/uploads\/2025\/09\/COMPLETO_PROGRAMA-ELEITORAL-2025_LOWRES.pdf\" class=\"u-btn u-button-style u-file-link u-hover-palette-1-dark-1 u-palette-1-base u-btn-1\"><span style=\"font-size: 0.875rem;\">Consultar o Programa\u200b eleitoral<\/span>\n                  <\/a>\n                <\/div>\n              <\/div>\n              <div class=\"u-container-style u-layout-cell u-size-32 u-layout-cell-2\">\n                <div class=\"u-container-layout u-valign-middle-lg u-valign-middle-md u-valign-middle-sm u-valign-middle-xs u-valign-top-xl u-container-layout-2\">\n                  <p class=\"u-text u-text-2\"> O Concelho do Seixal \u00e9 refer\u00eancia no progresso social e econ\u00f3mico no pa\u00eds. Um patrim\u00f3nio que \u00e9 perten\u00e7a colectiva da popula\u00e7\u00e3o que tem confiado no projecto da CDU, desde logo de todos os trabalhadores, dos homens e mulheres, dos jovens e dos idosos, do movimento associativo, comunidade educativa, institui\u00e7\u00f5es e agentes econ\u00f3micos.<br>A CDU projeta assim um \u201cFuturo de Confian\u00e7a\u201d que assenta no planeamento estrat\u00e9gico, na defesa do desenvolvimento econ\u00f3mico de base produtiva e cria\u00e7\u00e3o de emprego com direitos, na presta\u00e7\u00e3o do servi\u00e7o p\u00fablico \u00e0 popula\u00e7\u00e3o, com a valoriza\u00e7\u00e3o da educa\u00e7\u00e3o, da cultura, do desporto e da a\u00e7\u00e3o social, assim como, na qualifica\u00e7\u00e3o do patrim\u00f3nio, ambiente, espa\u00e7o p\u00fablico e acessibilidades.<br>Um projecto que assenta tamb\u00e9m no compromisso de mobiliza\u00e7\u00e3o da popula\u00e7\u00e3o, sendo rosto e voz das suas justas reivindica\u00e7\u00f5es junto do Governo \u2013 pela constru\u00e7\u00e3o do Hospital no Seixal e de novos Centros de Sa\u00fade, pelo financiamento das solu\u00e7\u00f5es de habita\u00e7\u00e3o acess\u00edvel, pela rede p\u00fablica de creches, pela requalifica\u00e7\u00e3o e constru\u00e7\u00e3o de novas escolas de 2\u00ba e 3\u00ba ciclos e do Ensino Secund\u00e1rio, por novas instala\u00e7\u00f5es das for\u00e7as de seguran\u00e7a e melhores transportes p\u00fablicos e pela resolu\u00e7\u00e3o dos passivos ambientais.<br>A CDU apresenta-se assim com um projeto de futuro, assente na obra realizada, com provas dadas. Renovamos com todos o compromisso de com Trabalho, Honestidade e Compet\u00eancia, desenvolver este caminho de progresso, confiando mais uma vez no apoio da popula\u00e7\u00e3o do concelho do Seixal para um novo mandato aut\u00e1rquico.\n                  <\/p>\n                <\/div>\n              <\/div>\n            <\/div>\n          <\/div>\n        <\/div>\n      <\/div>\n    <\/section>\n    <section class=\"u-clearfix u-palette-1-base u-section-5\" id=\"sec-e7be\">\n      <div class=\"u-clearfix u-sheet u-valign-middle-xl u-sheet-1\">\n        <h2 class=\"u-text u-text-default u-text-1\">Eleitos C<span style=\"font-style: italic;\"><\/span>DU\n        <\/h2>\n        <div class=\"data-layout-selected u-clearfix u-expanded-width u-layout-wrap u-layout-wrap-1\">\n          <div class=\"u-layout\">\n            <div class=\"u-layout-row\">\n              <div class=\"u-container-style u-layout-cell u-left-cell u-size-28 u-layout-cell-1\">\n                <div class=\"u-container-layout u-valign-top u-container-layout-1\">\n                  <h2 class=\"u-custom-font u-text u-text-body-alt-color u-text-2\">Juntas de Freguesia<\/h2>\n                <\/div>\n              <\/div>\n              <div class=\"u-container-style u-layout-cell u-right-cell u-size-32 u-layout-cell-2\">\n                <div class=\"u-container-layout u-valign-top u-container-layout-2\">\n                  <p class=\"u-text u-text-3\"><span style=\"font-weight: 500;\">Maria Jo\u00e3o Correia, Nelson Ramos, Filipe Dourado, Hugo Constantino, Alberto Poco e Manuel Coisinha foram os candidatos \u00e0 Presid\u00eancia da Junta de Freguesia de Aldeia de Paio Pires, Amora, Arrentela, Corroios, Fern\u00e3o&nbsp; Ferro e Seixal, respectivamente <\/span>\n                  <\/p>\n                <\/div>\n              <\/div>\n            <\/div>\n          <\/div>\n        <\/div>\n        <div class=\"u-expanded-width u-gallery u-layout-grid u-lightbox u-show-text-always u-gallery-1\">\n          <div class=\"u-gallery-inner u-gallery-inner-1\">\n            <div class=\"u-effect-hover-zoom u-gallery-item\">\n              <div class=\"u-back-slide u-back-slide-1\" data-image-width=\"718\" data-image-height=\"821\">\n                <img decoding=\"async\" class=\"u-back-image u-expanded u-image-contain\" src=\"https:\/\/seixal.cdu.pt\/wp-content\/uploads\/2025\/09\/maria-joao-correia.webp\" alt=\"Maria Jo\u00e3o Correia\">\n                <img decoding=\"async\" src=\"https:\/\/seixal.cdu.pt\/wp-content\/uploads\/2025\/09\/maria-joao-correia.webp\" alt=\"\" data-image-width=\"2000\" data-image-height=\"1333\" class=\"u-back-image u-expanded u-image-contain\">\n              <\/div>\n              <div class=\"u-over-slide u-shading u-valign-bottom u-over-slide-1\">\n                <h3 class=\"u-gallery-heading\" style=\"text-transform: uppercase; font-size: 1.25rem;\">Maria Jo\u00e3o Correia<\/h3>\n                <p class=\"u-gallery-text\" style=\"margin-top: 0px; font-size: 1rem; background-image: none;\">Presidente da Junta de Freguesia da Aldeia de Paio Pires<br>\n                <\/p>\n              <\/div>\n            <\/div>\n            <div class=\"u-effect-hover-zoom u-gallery-item\">\n              <div class=\"u-back-slide\" data-image-width=\"665\" data-image-height=\"814\">\n                <img decoding=\"async\" class=\"u-back-image u-expanded u-image-contain\" src=\"https:\/\/seixal.cdu.pt\/wp-content\/uploads\/2025\/09\/nelson-ramos.webp\" alt=\"Nelson Ramos\">\n              <\/div>\n              <div class=\"u-over-slide u-shading u-valign-bottom u-over-slide-2\">\n                <h3 class=\"u-gallery-heading\" style=\"text-transform: uppercase; font-size: 1.25rem;\">Nelson Ramos<\/h3>\n                <p class=\"u-gallery-text\" style=\"margin-top: 0px; font-size: 1rem; background-image: none;\">Presidente da Junta de Freguesia de Amora<br>\n                <\/p>\n              <\/div>\n            <\/div>\n            <div class=\"u-effect-hover-zoom u-gallery-item\">\n              <div class=\"u-back-slide\" data-image-width=\"618\" data-image-height=\"792\">\n                <img decoding=\"async\" class=\"u-back-image u-expanded u-image-contain\" src=\"https:\/\/seixal.cdu.pt\/wp-content\/uploads\/2025\/09\/filipe-dourado.webp\" alt=\"Filipe Dourado\">\n              <\/div>\n              <div class=\"u-over-slide u-shading u-valign-bottom u-over-slide-3\">\n                <h3 class=\"u-gallery-heading\" style=\"text-transform: uppercase; font-size: 1.25rem;\">Filipe Dourado<\/h3>\n                <p class=\"u-gallery-text\" style=\"margin-top: 0px; font-size: 1rem; background-image: none;\">Presidente da Junta de Freguesia de Arrentela<br>\n                <\/p>\n              <\/div>\n            <\/div>\n            <div class=\"u-effect-hover-zoom u-gallery-item\">\n              <div class=\"u-back-slide\" data-image-width=\"702\" data-image-height=\"803\">\n                <img decoding=\"async\" class=\"u-back-image u-expanded u-image-contain u-back-image-5\" src=\"https:\/\/seixal.cdu.pt\/wp-content\/uploads\/2025\/09\/hugo-constantino.webp\" alt=\"Hugo Constantino\">\n              <\/div>\n              <div class=\"u-over-slide u-shading u-valign-bottom u-over-slide-4\">\n                <h3 class=\"u-gallery-heading\" style=\"text-transform: uppercase; font-size: 1.25rem;\">Hugo Constantino<\/h3>\n                <p class=\"u-gallery-text\" style=\"margin-top: 0px; font-size: 1rem; background-image: none;\">Presidente da Junta de Freguesia de Corroios<\/p>\n              <\/div>\n            <\/div>\n            <div class=\"u-effect-hover-zoom u-gallery-item\">\n              <div class=\"u-back-slide\" data-image-width=\"716\" data-image-height=\"819\">\n                <img decoding=\"async\" class=\"u-back-image u-expanded u-image-contain u-back-image-6\" src=\"https:\/\/seixal.cdu.pt\/wp-content\/uploads\/2025\/09\/alberto-poco.webp\" alt=\"Alberto Po\u00e7o\">\n              <\/div>\n              <div class=\"u-over-slide u-shading u-valign-bottom u-over-slide-5\">\n                <h3 class=\"u-gallery-heading\" style=\"text-transform: uppercase; font-size: 1.25rem;\">Alberto Po\u00e7o<\/h3>\n                <p class=\"u-gallery-text\" style=\"margin-top: 0px; font-size: 1rem; background-image: none;\">Eleito - Assembleia de Freguesia de Fern\u00e3o Ferro<\/p>\n              <\/div>\n            <\/div>\n            <div class=\"u-effect-hover-zoom u-gallery-item\">\n              <div class=\"u-back-slide\" data-image-width=\"721\" data-image-height=\"825\">\n                <img decoding=\"async\" class=\"u-back-image u-expanded u-image-contain u-back-image-7\" src=\"https:\/\/seixal.cdu.pt\/wp-content\/uploads\/2025\/09\/manuel-coisinha.webp\" alt=\"Manuel Coisinha\">\n              <\/div>\n              <div class=\"u-over-slide u-shading u-valign-bottom u-over-slide-6\">\n                <h3 class=\"u-gallery-heading\" style=\"text-transform: uppercase; font-size: 1.25rem;\">Manuel Coisinha<\/h3>\n                <p class=\"u-gallery-text\" style=\"margin-top: 0px; font-size: 1rem; background-image: none;\">Presidente da Junta de Freguesia do Seixal<\/p>\n              <\/div>\n            <\/div>\n          <\/div>\n        <\/div>\n      <\/div>\n    <\/section>\n    <section class=\"u-align-center u-clearfix u-container-align-center u-section-6\" id=\"contactos\">\n      <div class=\"u-clearfix u-sheet u-valign-middle u-sheet-1\">\n        <h2 class=\"u-text u-text-1\">Contacte-nos<\/h2>\n        <div class=\"u-form u-form-1\">\n          <form action=\"mailto:seixal@cdu.pt\" class=\"u-clearfix u-form-spacing-10 u-form-vertical u-inner-form\" style=\"padding: 10px;\" source=\"custom\" name=\"form\" method=\"post\">\n            <div class=\"u-form-group u-form-name u-label-none\">\n              <label for=\"name-3b9a\" class=\"u-form-control-hidden u-label\">Name<\/label>\n              <input type=\"text\" placeholder=\"Escreva o seu nome\" id=\"name-3b9a\" name=\"name\" class=\"u-border-2 u-border-grey-80 u-border-no-left u-border-no-right u-border-no-top u-custom-font u-heading-font u-input u-input-rectangle u-input-1\" required=\"\">\n            <\/div>\n            <div class=\"u-form-email u-form-group u-label-none u-form-group-2\">\n              <label class=\"u-label\">Email<\/label>\n              <input type=\"email\" placeholder=\"Escreva o seu endere\u00e7o de email\" id=\"email-6c23\" name=\"email\" class=\"u-border-2 u-border-grey-80 u-border-no-left u-border-no-right u-border-no-top u-custom-font u-heading-font u-input u-input-rectangle u-input-2\" required=\"\">\n            <\/div>\n            <div class=\"u-form-group u-form-message u-label-none\">\n              <label for=\"message-3b9a\" class=\"u-form-control-hidden u-label\">Message<\/label>\n              <textarea placeholder=\"Escreva a sua mensagem\" id=\"message-3b9a\" name=\"message\" class=\"u-border-2 u-border-grey-80 u-border-no-left u-border-no-right u-border-no-top u-custom-font u-heading-font u-input u-input-rectangle u-input-3\" required=\"\"><\/textarea>\n            <\/div>\n            <div class=\"u-align-left u-form-group u-form-submit u-label-none\">\n              <a href=\"#\" class=\"u-btn u-btn-submit u-button-style\">Enviar mensagem<\/a>\n              <input type=\"submit\" value=\"submit\" class=\"u-form-control-hidden\">\n            <\/div>\n            <div class=\"u-form-send-message u-form-send-success\"> Thank you! Your message has been sent. <\/div>\n            <div class=\"u-form-send-error u-form-send-message\"> Unable to send your message. Please fix errors then try again. <\/div>\n            <input type=\"hidden\" value=\"\" name=\"recaptchaResponse\">\n          <\/form>\n        <\/div>\n      <\/div>\n    <\/section>\n    \n    \n    \n    \n    \n  \n","protected":false},"excerpt":{"rendered":"<p>CDU Seixal Previous Next Paulo Silva Presidente da Camara Municipal do Seixal Paulo Silva, actual Presidente da C\u00e2mara Municipal do Seixal,&nbsp;Advogado, natural de Amora, tem 59 anos e reside na Freguesia de Corroios.\u00c9 Licenciado em Direito pela Faculdade de Direito de Lisboa, com frequ\u00eancia de P\u00f3s-Gradua\u00e7\u00e3o em Direito das Sociedades Comerciais. Enquanto estudante universit\u00e1rio foi &hellip; <a href=\"https:\/\/seixal.cdu.pt\/\" class=\"more-link\">Continue reading<span class=\"screen-reader-text\"> &#8220;pagina-inicial&#8221;<\/span><\/a><\/p>\n","protected":false},"author":1,"featured_media":0,"parent":0,"menu_order":2,"comment_status":"closed","ping_status":"closed","template":"","meta":{"_uag_custom_page_level_css":"","footnotes":""},"class_list":["post-2008","page","type-page","status-publish","hentry"],"uagb_featured_image_src":{"full":false,"thumbnail":false,"medium":false,"medium_large":false,"large":false,"1536x1536":false,"2048x2048":false,"post-thumbnail":false},"uagb_author_info":{"display_name":"cdusxladmin","author_link":"https:\/\/seixal.cdu.pt\/?author=1"},"uagb_comment_info":0,"uagb_excerpt":"CDU Seixal Previous Next Paulo Silva Presidente da Camara Municipal do Seixal Paulo Silva, actual Presidente da C\u00e2mara Municipal do Seixal,&nbsp;Advogado, natural de Amora, tem 59 anos e reside na Freguesia de Corroios.\u00c9 Licenciado em Direito pela Faculdade de Direito de Lisboa, com frequ\u00eancia de P\u00f3s-Gradua\u00e7\u00e3o em Direito das Sociedades Comerciais. Enquanto estudante universit\u00e1rio foi&hellip;","jetpack_likes_enabled":true,"jetpack_sharing_enabled":true,"_links":{"self":[{"href":"https:\/\/seixal.cdu.pt\/index.php?rest_route=\/wp\/v2\/pages\/2008","targetHints":{"allow":["GET"]}}],"collection":[{"href":"https:\/\/seixal.cdu.pt\/index.php?rest_route=\/wp\/v2\/pages"}],"about":[{"href":"https:\/\/seixal.cdu.pt\/index.php?rest_route=\/wp\/v2\/types\/page"}],"author":[{"embeddable":true,"href":"https:\/\/seixal.cdu.pt\/index.php?rest_route=\/wp\/v2\/users\/1"}],"replies":[{"embeddable":true,"href":"https:\/\/seixal.cdu.pt\/index.php?rest_route=%2Fwp%2Fv2%2Fcomments&post=2008"}],"version-history":[{"count":27,"href":"https:\/\/seixal.cdu.pt\/index.php?rest_route=\/wp\/v2\/pages\/2008\/revisions"}],"predecessor-version":[{"id":2130,"href":"https:\/\/seixal.cdu.pt\/index.php?rest_route=\/wp\/v2\/pages\/2008\/revisions\/2130"}],"wp:attachment":[{"href":"https:\/\/seixal.cdu.pt\/index.php?rest_route=%2Fwp%2Fv2%2Fmedia&parent=2008"}],"curies":[{"name":"wp","href":"https:\/\/api.w.org\/{rel}","templated":true}]}}